{"id":226,"date":"2023-06-21T10:16:39","date_gmt":"2023-06-21T13:16:39","guid":{"rendered":"https:\/\/valentinasuralojamientos.com\/?page_id=226"},"modified":"2023-07-11T12:56:53","modified_gmt":"2023-07-11T15:56:53","slug":"sobre-nosotros","status":"publish","type":"page","link":"https:\/\/valentinasuralojamientos.com\/index.php\/sobre-nosotros\/","title":{"rendered":"Sobre Nosotros"},"content":{"rendered":"\t\t<div data-elementor-type=\"wp-page\" data-elementor-id=\"226\" class=\"elementor elementor-226\">\n\t\t\t\t\t\t\t\t\t<section class=\"elementor-section elementor-top-section elementor-element elementor-element-269dbce3 elementor-section-height-min-height elementor-section-boxed elementor-section-height-default elementor-section-items-middle\" data-id=\"269dbce3\" data-element_type=\"section\" data-settings=\"{&quot;background_background&quot;:&quot;classic&quot;}\">\n\t\t\t\t\t\t\t<div class=\"elementor-background-overlay\"><\/div>\n\t\t\t\t\t\t\t<div class=\"elementor-container elementor-column-gap-default\">\n\t\t\t\t\t<div class=\"elementor-column elementor-col-100 elementor-top-column elementor-element elementor-element-694bc898\" data-id=\"694bc898\" data-element_type=\"column\">\n\t\t\t<div class=\"elementor-widget-wrap elementor-element-populated\">\n\t\t\t\t\t\t\t\t<div class=\"elementor-element elementor-element-e3d99d2 elementor-widget elementor-widget-elementskit-heading\" data-id=\"e3d99d2\" data-element_type=\"widget\" data-widget_type=\"elementskit-heading.default\">\n\t\t\t\t<div class=\"elementor-widget-container\">\n\t\t\t<div class=\"ekit-wid-con\" ><div class=\"ekit-heading elementskit-section-title-wraper text_center   ekit_heading_tablet-   ekit_heading_mobile-\"><h2 class=\"ekit-heading--title elementskit-section-title \">Sobre <span><span>Nosotros<\/span><\/span><\/h2><\/div><\/div>\t\t<\/div>\n\t\t\t\t<\/div>\n\t\t\t\t<div class=\"elementor-element elementor-element-2bc19fb9 elementor-widget elementor-widget-heading\" data-id=\"2bc19fb9\" data-element_type=\"widget\" data-widget_type=\"heading.default\">\n\t\t\t\t<div class=\"elementor-widget-container\">\n\t\t\t<style>\/*! elementor - v3.13.3 - 28-05-2023 *\/\n.elementor-heading-title{padding:0;margin:0;line-height:1}.elementor-widget-heading .elementor-heading-title[class*=elementor-size-]>a{color:inherit;font-size:inherit;line-height:inherit}.elementor-widget-heading .elementor-heading-title.elementor-size-small{font-size:15px}.elementor-widget-heading .elementor-heading-title.elementor-size-medium{font-size:19px}.elementor-widget-heading .elementor-heading-title.elementor-size-large{font-size:29px}.elementor-widget-heading .elementor-heading-title.elementor-size-xl{font-size:39px}.elementor-widget-heading .elementor-heading-title.elementor-size-xxl{font-size:59px}<\/style><h2 class=\"elementor-heading-title elementor-size-default\"><a href=\"https:\/\/valentinasuralojamientos.com\/\">Home \/ Sobre Nosotros<\/a><\/h2>\t\t<\/div>\n\t\t\t\t<\/div>\n\t\t\t\t\t<\/div>\n\t\t<\/div>\n\t\t\t\t\t\t\t<\/div>\n\t\t<\/section>\n\t\t\t\t<section class=\"elementor-section elementor-top-section elementor-element elementor-element-bb973b7 elementor-section-boxed elementor-section-height-default elementor-section-height-default\" data-id=\"bb973b7\" data-element_type=\"section\" data-settings=\"{&quot;background_background&quot;:&quot;classic&quot;}\">\n\t\t\t\t\t\t<div class=\"elementor-container elementor-column-gap-default\">\n\t\t\t\t\t<div class=\"elementor-column elementor-col-50 elementor-top-column elementor-element elementor-element-162c53b4\" data-id=\"162c53b4\" data-element_type=\"column\" data-settings=\"{&quot;background_background&quot;:&quot;classic&quot;}\">\n\t\t\t<div class=\"elementor-widget-wrap elementor-element-populated\">\n\t\t\t\t\t\t\t\t<div class=\"elementor-element elementor-element-030b81b elementor-widget elementor-widget-image\" data-id=\"030b81b\" data-element_type=\"widget\" data-widget_type=\"image.default\">\n\t\t\t\t<div class=\"elementor-widget-container\">\n\t\t\t<style>\/*! elementor - v3.13.3 - 28-05-2023 *\/\n.elementor-widget-image{text-align:center}.elementor-widget-image a{display:inline-block}.elementor-widget-image a img[src$=\".svg\"]{width:48px}.elementor-widget-image img{vertical-align:middle;display:inline-block}<\/style>\t\t\t\t\t\t\t\t\t\t\t\t<img decoding=\"async\" src=\"https:\/\/valentinasuralojamientos.com\/wp-content\/uploads\/elementor\/thumbs\/las-lenas-1-q8ag97qvqa6gf0vziog02gockz2sffcpxlo6bxn48q.jpg\" title=\"LAS LE\u201eAS 12.psd\" alt=\"LAS LE\u201eAS 12.psd\" loading=\"lazy\" \/>\t\t\t\t\t\t\t\t\t\t\t\t\t\t\t<\/div>\n\t\t\t\t<\/div>\n\t\t\t\t<div class=\"elementor-element elementor-element-38a1c573 animated-slow elementor-invisible elementor-widget elementor-widget-image\" data-id=\"38a1c573\" data-element_type=\"widget\" data-settings=\"{&quot;_animation&quot;:&quot;fadeInLeft&quot;}\" data-widget_type=\"image.default\">\n\t\t\t\t<div class=\"elementor-widget-container\">\n\t\t\t\t\t\t\t\t\t\t\t\t\t\t\t<img decoding=\"async\" width=\"1620\" height=\"1080\" src=\"https:\/\/valentinasuralojamientos.com\/wp-content\/uploads\/2023\/07\/DSC_1782-2-Grande.jpg\" class=\"attachment-full size-full wp-image-329\" alt=\"\" loading=\"lazy\" srcset=\"https:\/\/valentinasuralojamientos.com\/wp-content\/uploads\/2023\/07\/DSC_1782-2-Grande.jpg 1620w, https:\/\/valentinasuralojamientos.com\/wp-content\/uploads\/2023\/07\/DSC_1782-2-Grande-300x200.jpg 300w, https:\/\/valentinasuralojamientos.com\/wp-content\/uploads\/2023\/07\/DSC_1782-2-Grande-1024x683.jpg 1024w, https:\/\/valentinasuralojamientos.com\/wp-content\/uploads\/2023\/07\/DSC_1782-2-Grande-768x512.jpg 768w, https:\/\/valentinasuralojamientos.com\/wp-content\/uploads\/2023\/07\/DSC_1782-2-Grande-1536x1024.jpg 1536w\" sizes=\"(max-width: 1620px) 100vw, 1620px\" \/>\t\t\t\t\t\t\t\t\t\t\t\t\t\t\t<\/div>\n\t\t\t\t<\/div>\n\t\t\t\t\t<\/div>\n\t\t<\/div>\n\t\t\t\t<div class=\"elementor-column elementor-col-50 elementor-top-column elementor-element elementor-element-688cea9b\" data-id=\"688cea9b\" data-element_type=\"column\">\n\t\t\t<div class=\"elementor-widget-wrap elementor-element-populated\">\n\t\t\t\t\t\t\t\t<div class=\"elementor-element elementor-element-5d039143 elementor-widget elementor-widget-elementskit-heading\" data-id=\"5d039143\" data-element_type=\"widget\" data-widget_type=\"elementskit-heading.default\">\n\t\t\t\t<div class=\"elementor-widget-container\">\n\t\t\t<div class=\"ekit-wid-con\" ><div class=\"ekit-heading elementskit-section-title-wraper text_left   ekit_heading_tablet-   ekit_heading_mobile-\"><h2 class=\"ekit-heading--title elementskit-section-title \">Disfruta de una <span><span>Estad\u00eda<\/span><\/span> confortable<\/h2><\/div><\/div>\t\t<\/div>\n\t\t\t\t<\/div>\n\t\t\t\t<div class=\"elementor-element elementor-element-519c7a7b elementor-widget elementor-widget-text-editor\" data-id=\"519c7a7b\" data-element_type=\"widget\" data-widget_type=\"text-editor.default\">\n\t\t\t\t<div class=\"elementor-widget-container\">\n\t\t\t<style>\/*! elementor - v3.13.3 - 28-05-2023 *\/\n.elementor-widget-text-editor.elementor-drop-cap-view-stacked .elementor-drop-cap{background-color:#69727d;color:#fff}.elementor-widget-text-editor.elementor-drop-cap-view-framed .elementor-drop-cap{color:#69727d;border:3px solid;background-color:transparent}.elementor-widget-text-editor:not(.elementor-drop-cap-view-default) .elementor-drop-cap{margin-top:8px}.elementor-widget-text-editor:not(.elementor-drop-cap-view-default) .elementor-drop-cap-letter{width:1em;height:1em}.elementor-widget-text-editor .elementor-drop-cap{float:left;text-align:center;line-height:1;font-size:50px}.elementor-widget-text-editor .elementor-drop-cap-letter{display:inline-block}<\/style>\t\t\t\t<p><strong>Somos un alojamiento tur\u00edstico que ofrece cinco departamentos totalmente equipados en Malarg\u00fce, Mendoza, un lugar lleno de paisajes naturales y hermosos. Nuestros departamentos cuentan con todas las comodidades y servicios que necesitas para disfrutar de tu estad\u00eda en esta regi\u00f3n, donde podr\u00e1s conocer y explorar atracciones como la Reserva Provincial La Payunia, la Caverna de Las Brujas, el Planetario Malarg\u00fce, el Observatorio Pierre Auger y mucho m\u00e1s. Te invitamos a descubrir la magia de Malarg\u00fce, una ciudad que te conecta con la monta\u00f1a y sus paisajes.<\/strong><\/p>\t\t\t\t\t\t<\/div>\n\t\t\t\t<\/div>\n\t\t\t\t\t<\/div>\n\t\t<\/div>\n\t\t\t\t\t\t\t<\/div>\n\t\t<\/section>\n\t\t\t\t\t\t\t<\/div>\n\t\t","protected":false},"excerpt":{"rendered":"<p>Sobre Nosotros Home \/ Sobre Nosotros Disfruta de una Estad\u00eda confortable Somos un alojamiento tur\u00edstico que ofrece cinco departamentos totalmente equipados en Malarg\u00fce, Mendoza, un lugar lleno de paisajes naturales y hermosos. Nuestros departamentos cuentan con todas las comodidades y servicios que necesitas para disfrutar de tu estad\u00eda en esta regi\u00f3n, donde podr\u00e1s conocer y [&hellip;]<\/p>\n","protected":false},"author":1,"featured_media":0,"parent":0,"menu_order":0,"comment_status":"closed","ping_status":"closed","template":"elementor_header_footer","meta":[],"_links":{"self":[{"href":"https:\/\/valentinasuralojamientos.com\/index.php\/wp-json\/wp\/v2\/pages\/226"}],"collection":[{"href":"https:\/\/valentinasuralojamientos.com\/index.php\/wp-json\/wp\/v2\/pages"}],"about":[{"href":"https:\/\/valentinasuralojamientos.com\/index.php\/wp-json\/wp\/v2\/types\/page"}],"author":[{"embeddable":true,"href":"https:\/\/valentinasuralojamientos.com\/index.php\/wp-json\/wp\/v2\/users\/1"}],"replies":[{"embeddable":true,"href":"https:\/\/valentinasuralojamientos.com\/index.php\/wp-json\/wp\/v2\/comments?post=226"}],"version-history":[{"count":25,"href":"https:\/\/valentinasuralojamientos.com\/index.php\/wp-json\/wp\/v2\/pages\/226\/revisions"}],"predecessor-version":[{"id":336,"href":"https:\/\/valentinasuralojamientos.com\/index.php\/wp-json\/wp\/v2\/pages\/226\/revisions\/336"}],"wp:attachment":[{"href":"https:\/\/valentinasuralojamientos.com\/index.php\/wp-json\/wp\/v2\/media?parent=226"}],"curies":[{"name":"wp","href":"https:\/\/api.w.org\/{rel}","templated":true}]}}